{"id":2,"date":"2021-08-25T13:10:22","date_gmt":"2021-08-25T16:10:22","guid":{"rendered":"https:\/\/pruebas.museodelamemoria.cl\/epistolario_2021\/?page_id=2"},"modified":"2021-09-10T22:09:27","modified_gmt":"2021-09-11T01:09:27","slug":"teatro-la-memoria","status":"publish","type":"page","link":"https:\/\/epistolariodelamemoria.cl\/2021\/teatro-la-memoria\/","title":{"rendered":"RACH &#8211; Red de Actrices"},"content":{"rendered":"\n<p class=\"has-text-align-center has-black-color has-text-color has-large-font-size\">Red de Actrices de Chile<\/p>\n\n\n\n<p><\/p>\n\n\n\n<p>11 de septiembre de 2021, un a\u00f1o m\u00e1s para conmemorar a las v\u00edctimas de la dictadura. El Museo de la Memoria y los Derechos Humanos impulsa la segunda versi\u00f3n de su memorial virtual: Epistolaria 2021, un espacio en este presente incierto y doloroso en el que se re\u00fanen 28 piezas audiovisuales trabajadas a partir de cartas escritas por mujeres a compa\u00f1eras ejecutadas y\/o desaparecidas.<\/p>\n\n\n\n<p>Las c\u00e1psulas audiovisuales son creadas por la Red de Actrices de Chile (RACH) y su naciente Centro de Investigaci\u00f3n y Creaci\u00f3n de Cultura, Arte y Feminismo (CICAF), agrupaci\u00f3n feminista que desde el a\u00f1o 2018, y en medio de las revueltas feministas en Chile, se une tejiendo redes para escribir y hacer historia.&nbsp;<\/p>\n\n\n\n<p>Una historia que se funda en el compromiso con el arte, los derechos culturales y la erradicaci\u00f3n de las violencias que nos atraviesan. Construimos memorias colectivas como una cr\u00edtica y a la vez una t\u00e1ctica para combatir al sistema patriarcal, generamos lazos, empat\u00eda, propiciamos redes de apoyo y habilitamos espacios hist\u00f3ricamente prohibidos a nosotras como sujetas sociales y pol\u00edticas. Somos insistentes en poner en valor los relatos e historias de nuestras ancestras de una manera sensible y activa, visibilizando su quehacer, su sentir y recorrido. Para que nunca m\u00e1s sigamos quedando fuera de la versi\u00f3n y recuerdo oficial.&nbsp;<\/p>\n\n\n\n<p>Propiciamos nuevas formas de crear, donde la colectividad, la multiplicidad de personas que la componen y sus visiones cr\u00edticas y reflexivas de la realidad, nos encaucen hacia los cambios que como sociedad necesitamos.<\/p>\n\n\n\n<p>Conscientes de que la recuperaci\u00f3n del pasado y la reparaci\u00f3n de sus heridas son una clave para imaginar el futuro, somos part\u00edcipes de la creaci\u00f3n de un nuevo escenario social, donde la memoria es un hilo protag\u00f3nico para tejer el camino hacia un buen vivir.<\/p>\n\n\n\n<p>Agradecemos al Museo de la Memoria y los Derechos Humanos la confianza entregada.&nbsp;<\/p>\n\n\n\n<p>Agradecemos ser parte de este memorial de mujeres para mujeres. <strong>Juntas somos Historia.<\/strong><\/p>\n","protected":false},"excerpt":{"rendered":"<p>Red de Actrices de Chile 11 de septiembre de 2021, un a\u00f1o m\u00e1s para conmemorar a las v\u00edctimas de la dictadura. El Museo de la Memoria y los Derechos Humanos [&hellip;]<\/p>\n","protected":false},"author":1,"featured_media":0,"parent":0,"menu_order":0,"comment_status":"closed","ping_status":"closed","template":"","meta":{"footnotes":""},"class_list":["post-2","page","type-page","status-publish","hentry"],"_links":{"self":[{"href":"https:\/\/epistolariodelamemoria.cl\/2021\/wp-json\/wp\/v2\/pages\/2","targetHints":{"allow":["GET"]}}],"collection":[{"href":"https:\/\/epistolariodelamemoria.cl\/2021\/wp-json\/wp\/v2\/pages"}],"about":[{"href":"https:\/\/epistolariodelamemoria.cl\/2021\/wp-json\/wp\/v2\/types\/page"}],"author":[{"embeddable":true,"href":"https:\/\/epistolariodelamemoria.cl\/2021\/wp-json\/wp\/v2\/users\/1"}],"replies":[{"embeddable":true,"href":"https:\/\/epistolariodelamemoria.cl\/2021\/wp-json\/wp\/v2\/comments?post=2"}],"version-history":[{"count":8,"href":"https:\/\/epistolariodelamemoria.cl\/2021\/wp-json\/wp\/v2\/pages\/2\/revisions"}],"predecessor-version":[{"id":667,"href":"https:\/\/epistolariodelamemoria.cl\/2021\/wp-json\/wp\/v2\/pages\/2\/revisions\/667"}],"wp:attachment":[{"href":"https:\/\/epistolariodelamemoria.cl\/2021\/wp-json\/wp\/v2\/media?parent=2"}],"curies":[{"name":"wp","href":"https:\/\/api.w.org\/{rel}","templated":true}]}}